{"id":3605,"date":"2022-02-28T19:57:44","date_gmt":"2022-02-28T18:57:44","guid":{"rendered":"https:\/\/aronpoehlmann.com\/?page_id=3605"},"modified":"2022-03-08T21:07:13","modified_gmt":"2022-03-08T20:07:13","slug":"imprint","status":"publish","type":"page","link":"https:\/\/aronpoehlmann.com\/de\/imprint\/","title":{"rendered":"Imprint"},"content":{"rendered":"\n<h3 class=\"wp-block-heading\">Angaben gem\u00e4\u00df \u00a7 5 TMG<\/h3>\n\n\n\n<p>Aron P\u00f6hlmann<br>Aron P\u00f6hlmann &#8211; Mediengestaltung<br>Zur Niederm\u00fchle<br>13<br>85435 Erding<\/p>\n\n\n\n<h3 class=\"wp-block-heading\">Kontakt<\/h3>\n\n\n\n<p>Telefon: +49 176 39943248<br>E-Mail: contact@aronpoehlmann.com<\/p>\n\n\n\n<h3 class=\"wp-block-heading\">EU-Streitschlichtung<\/h3>\n\n\n\n<p>Die Europ\u00e4ische Kommission stellt eine Plattform zur Online-Streitbeilegung (OS) bereit: <a href=\"https:\/\/ec.europa.eu\/consumers\/odr\/\" target=\"_blank\" rel=\"noreferrer noopener\">https:\/\/ec.europa.eu\/consumers\/odr\/<\/a>.<br>Unsere E-Mail-Adresse finden Sie oben im Impressum.<\/p>\n\n\n\n<h3 class=\"wp-block-heading\">Verbraucher\u00adstreit\u00adbeilegung\/Universal\u00adschlichtungs\u00adstelle<\/h3>\n\n\n\n<p>Wir sind nicht bereit oder verpflichtet, an Streitbeilegungsverfahren vor einer Verbraucherschlichtungsstelle teilzunehmen.<\/p>\n","protected":false},"excerpt":{"rendered":"<p>Angaben gem\u00e4\u00df \u00a7 5 TMG Aron P\u00f6hlmannAron P\u00f6hlmann &#8211; MediengestaltungZur Niederm\u00fchle1385435 Erding Kontakt Telefon: +49 176 39943248E-Mail: contact@aronpoehlmann.com EU-Streitschlichtung Die Europ\u00e4ische Kommission stellt eine Plattform zur Online-Streitbeilegung (OS) bereit: https:\/\/ec.europa.eu\/consumers\/odr\/.Unsere E-Mail-Adresse finden Sie oben im Impressum. Verbraucher\u00adstreit\u00adbeilegung\/Universal\u00adschlichtungs\u00adstelle Wir sind nicht bereit oder verpflichtet, an Streitbeilegungsverfahren vor einer Verbraucherschlichtungsstelle teilzunehmen.<\/p>\n","protected":false},"author":1,"featured_media":0,"parent":0,"menu_order":0,"comment_status":"closed","ping_status":"closed","template":"","meta":{"_acf_changed":false,"footnotes":""},"class_list":["post-3605","page","type-page","status-publish","hentry"],"translation":{"provider":"WPGlobus","version":"3.0.2","language":"de","enabled_languages":["en","de"],"languages":{"en":{"title":true,"content":true,"excerpt":false},"de":{"title":false,"content":false,"excerpt":false}}},"acf":[],"_links":{"self":[{"href":"https:\/\/aronpoehlmann.com\/de\/wp-json\/wp\/v2\/pages\/3605","targetHints":{"allow":["GET"]}}],"collection":[{"href":"https:\/\/aronpoehlmann.com\/de\/wp-json\/wp\/v2\/pages"}],"about":[{"href":"https:\/\/aronpoehlmann.com\/de\/wp-json\/wp\/v2\/types\/page"}],"author":[{"embeddable":true,"href":"https:\/\/aronpoehlmann.com\/de\/wp-json\/wp\/v2\/users\/1"}],"replies":[{"embeddable":true,"href":"https:\/\/aronpoehlmann.com\/de\/wp-json\/wp\/v2\/comments?post=3605"}],"version-history":[{"count":5,"href":"https:\/\/aronpoehlmann.com\/de\/wp-json\/wp\/v2\/pages\/3605\/revisions"}],"predecessor-version":[{"id":3610,"href":"https:\/\/aronpoehlmann.com\/de\/wp-json\/wp\/v2\/pages\/3605\/revisions\/3610"}],"wp:attachment":[{"href":"https:\/\/aronpoehlmann.com\/de\/wp-json\/wp\/v2\/media?parent=3605"}],"curies":[{"name":"wp","href":"https:\/\/api.w.org\/{rel}","templated":true}]}}