{"id":1825,"date":"2021-06-07T08:10:35","date_gmt":"2021-06-07T08:10:35","guid":{"rendered":"https:\/\/aronpoehlmann.com\/?page_id=1825"},"modified":"2025-05-05T09:50:50","modified_gmt":"2025-05-05T08:50:50","slug":"photographer","status":"publish","type":"page","link":"https:\/\/aronpoehlmann.com\/de\/","title":{"rendered":"Fotograf"},"content":{"rendered":"<p><a href=\"https:\/\/www.instagram.com\/apcinematography\/\" target=\"_blank\"><br \/>\n                instagram<br \/>\n      <\/a><\/p>\n<h1>\n\t\t\t\t\t\t\t\t\t\t\t\t\t\t\t\t\t<\/h1>\n<h1>\n\t\t\t\t\t\t\t\t\t\t\t\t\t\t\t\t\t<\/h1>\n<h1>\n\t\t\t\t\t\t\t\t\t\t\t\t\t\t\t\t\t<\/h1>\n<h1>\n\t\t\t\t\t\t\t\t\t\t\t\t\t\t\t\t\t<\/h1>\n<h1>\n\t\t\t\t\t\t\t\t\t\t\t\t\t\t\t\t\t<\/h1>\n<h1>\n\t\t\t\t\t\t\t\t\t\t\t\t\t\t\t\t\t<\/h1>\n<p>\t\t\t\t\t\t\t\t\t\u00dcber mich<\/p>\n<h2>Ich bin Aron,<br \/>\nIch bin Media Creator.<\/h2>\n<p>Fotografie, Videografie, Bearbeitung von beidem &#8211; mich interessiert so ziemlich alles im Hinblick auf Medien. Warum? Vielleicht wegen meiner gro\u00dfen Liebe zu Kameras, oder wegen dem Gef\u00fchl das man versp\u00fcrt, wenn man ein Foto nicht nur ansieht, sondern f\u00f6rmlich hineingezogen wird. F\u00fcr mich ist die Fotografie nicht nur Kunst. Sie ist die Magie einen Moment in all seinen Fassetten einzufangen &#8211; die Emotionen dahinter einzufangen.<\/p>\n<h3>Aktuelle Arbeiten<\/h3>\n<p>\t\t\t\t<button data-filter=\"*\"><br \/>\n\t\t\t\t\tAll<br \/>\n\t\t\t\t<\/button><br \/>\n\t\t\t\t\t\t\t\t\t<button data-filter=\".category-17\"><br \/>\n\t\t\t\t\t\tCar \/ Bike<br \/>\n\t\t\t\t\t<\/button><br \/>\n\t\t\t\t\t\t\t\t\t<button data-filter=\".category-21\"><br \/>\n\t\t\t\t\t\tEvents<br \/>\n\t\t\t\t\t<\/button><br \/>\n\t\t\t\t\t\t\t\t\t<button data-filter=\".category-22\"><br \/>\n\t\t\t\t\t\tNature<br \/>\n\t\t\t\t\t<\/button><br \/>\n\t\t\t\t\t\t\t\t\t<button data-filter=\".category-20\"><br \/>\n\t\t\t\t\t\tPortrait<br \/>\n\t\t\t\t\t<\/button><br \/>\n\t\t\t\t\t\t\t\t\t<button data-filter=\".category-19\"><br \/>\n\t\t\t\t\t\tStreet<br \/>\n\t\t\t\t\t<\/button><br \/>\n\t\t\t\t\t\t\t\t\t<button data-filter=\".category-23\"><br \/>\n\t\t\t\t\t\tWedding<br \/>\n\t\t\t\t\t<\/button><\/p>\n<article>\n            <img fetchpriority=\"high\" width=\"768\" height=\"960\" src=\"https:\/\/aronpoehlmann.com\/wp-content\/uploads\/2023\/09\/Elisabeth-x-Dani-Hochzeit-SA_4-768x960.jpg\" alt=\"\" decoding=\"async\" srcset=\"https:\/\/aronpoehlmann.com\/wp-content\/uploads\/2023\/09\/Elisabeth-x-Dani-Hochzeit-SA_4-768x960.jpg 768w, https:\/\/aronpoehlmann.com\/wp-content\/uploads\/2023\/09\/Elisabeth-x-Dani-Hochzeit-SA_4-240x300.jpg 240w, https:\/\/aronpoehlmann.com\/wp-content\/uploads\/2023\/09\/Elisabeth-x-Dani-Hochzeit-SA_4-819x1024.jpg 819w, https:\/\/aronpoehlmann.com\/wp-content\/uploads\/2023\/09\/Elisabeth-x-Dani-Hochzeit-SA_4-1229x1536.jpg 1229w, https:\/\/aronpoehlmann.com\/wp-content\/uploads\/2023\/09\/Elisabeth-x-Dani-Hochzeit-SA_4-56x70.jpg 56w, https:\/\/aronpoehlmann.com\/wp-content\/uploads\/2023\/09\/Elisabeth-x-Dani-Hochzeit-SA_4.jpg 1536w\" sizes=\"(max-width: 768px) 100vw, 768px\" \/>                      <\/p>\n<h5>Elisabeth x Dani<\/h5>\n<p>\t\t\t\t          <a href=\"https:\/\/aronpoehlmann.com\/pt-portfolio\/elisabeth-x-dani\/\" target=\"_self\" ><\/a><br \/>\n\t\t<\/article>\n<article>\n            <img width=\"768\" height=\"960\" src=\"https:\/\/aronpoehlmann.com\/wp-content\/uploads\/2023\/08\/Trip_gen_Norden-096-768x960.jpg\" alt=\"\" decoding=\"async\" srcset=\"https:\/\/aronpoehlmann.com\/wp-content\/uploads\/2023\/08\/Trip_gen_Norden-096-768x960.jpg 768w, https:\/\/aronpoehlmann.com\/wp-content\/uploads\/2023\/08\/Trip_gen_Norden-096-240x300.jpg 240w, https:\/\/aronpoehlmann.com\/wp-content\/uploads\/2023\/08\/Trip_gen_Norden-096-819x1024.jpg 819w, https:\/\/aronpoehlmann.com\/wp-content\/uploads\/2023\/08\/Trip_gen_Norden-096-1229x1536.jpg 1229w, https:\/\/aronpoehlmann.com\/wp-content\/uploads\/2023\/08\/Trip_gen_Norden-096-56x70.jpg 56w, https:\/\/aronpoehlmann.com\/wp-content\/uploads\/2023\/08\/Trip_gen_Norden-096.jpg 1536w\" sizes=\"(max-width: 768px) 100vw, 768px\" \/>                      <\/p>\n<h5>Northern Views<\/h5>\n<p>\t\t\t\t          <a href=\"https:\/\/aronpoehlmann.com\/pt-portfolio\/northern-views\/\" target=\"_self\" ><\/a><br \/>\n\t\t<\/article>\n<article>\n            <img width=\"768\" height=\"960\" src=\"https:\/\/aronpoehlmann.com\/wp-content\/uploads\/2023\/02\/S1000RR_6-768x960.jpg\" alt=\"\" decoding=\"async\" srcset=\"https:\/\/aronpoehlmann.com\/wp-content\/uploads\/2023\/02\/S1000RR_6-768x960.jpg 768w, https:\/\/aronpoehlmann.com\/wp-content\/uploads\/2023\/02\/S1000RR_6-240x300.jpg 240w, https:\/\/aronpoehlmann.com\/wp-content\/uploads\/2023\/02\/S1000RR_6-819x1024.jpg 819w, https:\/\/aronpoehlmann.com\/wp-content\/uploads\/2023\/02\/S1000RR_6-1229x1536.jpg 1229w, https:\/\/aronpoehlmann.com\/wp-content\/uploads\/2023\/02\/S1000RR_6-56x70.jpg 56w, https:\/\/aronpoehlmann.com\/wp-content\/uploads\/2023\/02\/S1000RR_6.jpg 1536w\" sizes=\"(max-width: 768px) 100vw, 768px\" \/>                      <\/p>\n<h5>S1000RR<\/h5>\n<p>\t\t\t\t          <a href=\"https:\/\/aronpoehlmann.com\/pt-portfolio\/s1000rr\/\" target=\"_self\" ><\/a><br \/>\n\t\t<\/article>\n<article>\n            <img loading=\"lazy\" width=\"768\" height=\"960\" src=\"https:\/\/aronpoehlmann.com\/wp-content\/uploads\/2022\/04\/TCE-Volksfestplatz-2022_23-768x960.jpg\" alt=\"\" decoding=\"async\" srcset=\"https:\/\/aronpoehlmann.com\/wp-content\/uploads\/2022\/04\/TCE-Volksfestplatz-2022_23-768x960.jpg 768w, https:\/\/aronpoehlmann.com\/wp-content\/uploads\/2022\/04\/TCE-Volksfestplatz-2022_23-240x300.jpg 240w, https:\/\/aronpoehlmann.com\/wp-content\/uploads\/2022\/04\/TCE-Volksfestplatz-2022_23-819x1024.jpg 819w, https:\/\/aronpoehlmann.com\/wp-content\/uploads\/2022\/04\/TCE-Volksfestplatz-2022_23-1229x1536.jpg 1229w, https:\/\/aronpoehlmann.com\/wp-content\/uploads\/2022\/04\/TCE-Volksfestplatz-2022_23-56x70.jpg 56w, https:\/\/aronpoehlmann.com\/wp-content\/uploads\/2022\/04\/TCE-Volksfestplatz-2022_23.jpg 1536w\" sizes=\"(max-width: 768px) 100vw, 768px\" \/>                      <\/p>\n<h5>TCE Season Start 2022<\/h5>\n<p>\t\t\t\t          <a href=\"https:\/\/aronpoehlmann.com\/pt-portfolio\/tce-season-start-2022\/\" target=\"_self\" ><\/a><br \/>\n\t\t<\/article>\n<article>\n            <img loading=\"lazy\" width=\"768\" height=\"960\" src=\"https:\/\/aronpoehlmann.com\/wp-content\/uploads\/2022\/04\/MUC_Street_7-768x960.jpg\" alt=\"\" decoding=\"async\" srcset=\"https:\/\/aronpoehlmann.com\/wp-content\/uploads\/2022\/04\/MUC_Street_7-768x960.jpg 768w, https:\/\/aronpoehlmann.com\/wp-content\/uploads\/2022\/04\/MUC_Street_7-240x300.jpg 240w, https:\/\/aronpoehlmann.com\/wp-content\/uploads\/2022\/04\/MUC_Street_7-819x1024.jpg 819w, https:\/\/aronpoehlmann.com\/wp-content\/uploads\/2022\/04\/MUC_Street_7-1229x1536.jpg 1229w, https:\/\/aronpoehlmann.com\/wp-content\/uploads\/2022\/04\/MUC_Street_7-56x70.jpg 56w, https:\/\/aronpoehlmann.com\/wp-content\/uploads\/2022\/04\/MUC_Street_7.jpg 1536w\" sizes=\"(max-width: 768px) 100vw, 768px\" \/>                      <\/p>\n<h5>Munich<\/h5>\n<p>\t\t\t\t          <a href=\"https:\/\/aronpoehlmann.com\/pt-portfolio\/munich\/\" target=\"_self\" ><\/a><br \/>\n\t\t<\/article>\n<article>\n            <img loading=\"lazy\" width=\"768\" height=\"512\" src=\"https:\/\/aronpoehlmann.com\/wp-content\/uploads\/2022\/04\/NYC_41-768x512.jpg\" alt=\"\" decoding=\"async\" srcset=\"https:\/\/aronpoehlmann.com\/wp-content\/uploads\/2022\/04\/NYC_41-768x512.jpg 768w, https:\/\/aronpoehlmann.com\/wp-content\/uploads\/2022\/04\/NYC_41-300x200.jpg 300w, https:\/\/aronpoehlmann.com\/wp-content\/uploads\/2022\/04\/NYC_41-1024x683.jpg 1024w, https:\/\/aronpoehlmann.com\/wp-content\/uploads\/2022\/04\/NYC_41-1536x1024.jpg 1536w, https:\/\/aronpoehlmann.com\/wp-content\/uploads\/2022\/04\/NYC_41-70x47.jpg 70w, https:\/\/aronpoehlmann.com\/wp-content\/uploads\/2022\/04\/NYC_41.jpg 1920w\" sizes=\"(max-width: 768px) 100vw, 768px\" \/>                      <\/p>\n<h5>Manhatten<\/h5>\n<p>\t\t\t\t          <a href=\"https:\/\/aronpoehlmann.com\/pt-portfolio\/manhatten\/\" target=\"_self\" ><\/a><br \/>\n\t\t<\/article>\n<article>\n            <img loading=\"lazy\" width=\"768\" height=\"960\" src=\"https:\/\/aronpoehlmann.com\/wp-content\/uploads\/2022\/04\/Selina_5_4-768x960.jpg\" alt=\"\" decoding=\"async\" srcset=\"https:\/\/aronpoehlmann.com\/wp-content\/uploads\/2022\/04\/Selina_5_4-768x960.jpg 768w, https:\/\/aronpoehlmann.com\/wp-content\/uploads\/2022\/04\/Selina_5_4-240x300.jpg 240w, https:\/\/aronpoehlmann.com\/wp-content\/uploads\/2022\/04\/Selina_5_4-819x1024.jpg 819w, https:\/\/aronpoehlmann.com\/wp-content\/uploads\/2022\/04\/Selina_5_4-1229x1536.jpg 1229w, https:\/\/aronpoehlmann.com\/wp-content\/uploads\/2022\/04\/Selina_5_4-56x70.jpg 56w, https:\/\/aronpoehlmann.com\/wp-content\/uploads\/2022\/04\/Selina_5_4.jpg 1536w\" sizes=\"(max-width: 768px) 100vw, 768px\" \/>                      <\/p>\n<h5>Selina<\/h5>\n<p>\t\t\t\t          <a href=\"https:\/\/aronpoehlmann.com\/pt-portfolio\/selina\/\" target=\"_self\" ><\/a><br \/>\n\t\t<\/article>\n<article>\n            <img loading=\"lazy\" width=\"768\" height=\"513\" src=\"https:\/\/aronpoehlmann.com\/wp-content\/uploads\/2022\/02\/nico_motor-768x513.jpg\" alt=\"\" decoding=\"async\" srcset=\"https:\/\/aronpoehlmann.com\/wp-content\/uploads\/2022\/02\/nico_motor-768x513.jpg 768w, https:\/\/aronpoehlmann.com\/wp-content\/uploads\/2022\/02\/nico_motor-300x200.jpg 300w, https:\/\/aronpoehlmann.com\/wp-content\/uploads\/2022\/02\/nico_motor-1024x683.jpg 1024w, https:\/\/aronpoehlmann.com\/wp-content\/uploads\/2022\/02\/nico_motor-1536x1025.jpg 1536w, https:\/\/aronpoehlmann.com\/wp-content\/uploads\/2022\/02\/nico_motor-2048x1367.jpg 2048w, https:\/\/aronpoehlmann.com\/wp-content\/uploads\/2022\/02\/nico_motor-70x47.jpg 70w, https:\/\/aronpoehlmann.com\/wp-content\/uploads\/2022\/02\/nico_motor.jpg 1920w\" sizes=\"(max-width: 768px) 100vw, 768px\" \/>                      <\/p>\n<h5>MT07<\/h5>\n<p>\t\t\t\t          <a href=\"https:\/\/aronpoehlmann.com\/pt-portfolio\/mt07\/\" target=\"_self\" ><\/a><br \/>\n\t\t<\/article>\n<article>\n            <img loading=\"lazy\" width=\"768\" height=\"512\" src=\"https:\/\/aronpoehlmann.com\/wp-content\/uploads\/2022\/04\/Italien_04-01-768x512.jpg\" alt=\"\" decoding=\"async\" srcset=\"https:\/\/aronpoehlmann.com\/wp-content\/uploads\/2022\/04\/Italien_04-01-768x512.jpg 768w, https:\/\/aronpoehlmann.com\/wp-content\/uploads\/2022\/04\/Italien_04-01-300x200.jpg 300w, https:\/\/aronpoehlmann.com\/wp-content\/uploads\/2022\/04\/Italien_04-01-1024x683.jpg 1024w, https:\/\/aronpoehlmann.com\/wp-content\/uploads\/2022\/04\/Italien_04-01-1536x1024.jpg 1536w, https:\/\/aronpoehlmann.com\/wp-content\/uploads\/2022\/04\/Italien_04-01-70x47.jpg 70w, https:\/\/aronpoehlmann.com\/wp-content\/uploads\/2022\/04\/Italien_04-01.jpg 1920w\" sizes=\"(max-width: 768px) 100vw, 768px\" \/>                      <\/p>\n<h5>Venice \/ Burano<\/h5>\n<p>\t\t\t\t          <a href=\"https:\/\/aronpoehlmann.com\/pt-portfolio\/venice\/\" target=\"_self\" ><\/a><br \/>\n\t\t<\/article>\n<article>\n            <img loading=\"lazy\" width=\"768\" height=\"512\" src=\"https:\/\/aronpoehlmann.com\/wp-content\/uploads\/2022\/02\/Nico_2er1-768x512.jpg\" alt=\"\" decoding=\"async\" srcset=\"https:\/\/aronpoehlmann.com\/wp-content\/uploads\/2022\/02\/Nico_2er1-768x512.jpg 768w, https:\/\/aronpoehlmann.com\/wp-content\/uploads\/2022\/02\/Nico_2er1-300x200.jpg 300w, https:\/\/aronpoehlmann.com\/wp-content\/uploads\/2022\/02\/Nico_2er1-1024x683.jpg 1024w, https:\/\/aronpoehlmann.com\/wp-content\/uploads\/2022\/02\/Nico_2er1-1536x1024.jpg 1536w, https:\/\/aronpoehlmann.com\/wp-content\/uploads\/2022\/02\/Nico_2er1-2048x1365.jpg 2048w, https:\/\/aronpoehlmann.com\/wp-content\/uploads\/2022\/02\/Nico_2er1-70x47.jpg 70w, https:\/\/aronpoehlmann.com\/wp-content\/uploads\/2022\/02\/Nico_2er1.jpg 1920w\" sizes=\"(max-width: 768px) 100vw, 768px\" \/>                      <\/p>\n<h5>BMW 220i<\/h5>\n<p>\t\t\t\t          <a href=\"https:\/\/aronpoehlmann.com\/pt-portfolio\/3397\/\" target=\"_self\" ><\/a><br \/>\n\t\t<\/article>\n<article>\n            <img loading=\"lazy\" width=\"768\" height=\"960\" src=\"https:\/\/aronpoehlmann.com\/wp-content\/uploads\/2022\/04\/Chiara18-768x960.jpg\" alt=\"\" decoding=\"async\" srcset=\"https:\/\/aronpoehlmann.com\/wp-content\/uploads\/2022\/04\/Chiara18-768x960.jpg 768w, https:\/\/aronpoehlmann.com\/wp-content\/uploads\/2022\/04\/Chiara18-240x300.jpg 240w, https:\/\/aronpoehlmann.com\/wp-content\/uploads\/2022\/04\/Chiara18-819x1024.jpg 819w, https:\/\/aronpoehlmann.com\/wp-content\/uploads\/2022\/04\/Chiara18-1229x1536.jpg 1229w, https:\/\/aronpoehlmann.com\/wp-content\/uploads\/2022\/04\/Chiara18-56x70.jpg 56w, https:\/\/aronpoehlmann.com\/wp-content\/uploads\/2022\/04\/Chiara18.jpg 1536w\" sizes=\"(max-width: 768px) 100vw, 768px\" \/>                      <\/p>\n<h5>Chiara<\/h5>\n<p>\t\t\t\t          <a href=\"https:\/\/aronpoehlmann.com\/pt-portfolio\/chiara\/\" target=\"_self\" ><\/a><br \/>\n\t\t<\/article>\n","protected":false},"excerpt":{"rendered":"<p>instagram \u00dcber mich Ich bin Aron, Ich bin Media Creator. Fotografie, Videografie, Bearbeitung von beidem &#8211; mich interessiert so ziemlich alles im Hinblick auf Medien. Warum? Vielleicht wegen meiner gro\u00dfen Liebe zu Kameras, oder wegen dem Gef\u00fchl das man versp\u00fcrt, wenn man ein Foto nicht nur ansieht, sondern f\u00f6rmlich hineingezogen wird. F\u00fcr mich ist die [&hellip;]<\/p>\n","protected":false},"author":1,"featured_media":0,"parent":0,"menu_order":0,"comment_status":"closed","ping_status":"closed","template":"template-landing.php","meta":{"_acf_changed":false,"footnotes":""},"class_list":["post-1825","page","type-page","status-publish","hentry"],"translation":{"provider":"WPGlobus","version":"3.0.2","language":"de","enabled_languages":["en","de"],"languages":{"en":{"title":true,"content":true,"excerpt":false},"de":{"title":true,"content":true,"excerpt":false}}},"acf":[],"_links":{"self":[{"href":"https:\/\/aronpoehlmann.com\/de\/wp-json\/wp\/v2\/pages\/1825","targetHints":{"allow":["GET"]}}],"collection":[{"href":"https:\/\/aronpoehlmann.com\/de\/wp-json\/wp\/v2\/pages"}],"about":[{"href":"https:\/\/aronpoehlmann.com\/de\/wp-json\/wp\/v2\/types\/page"}],"author":[{"embeddable":true,"href":"https:\/\/aronpoehlmann.com\/de\/wp-json\/wp\/v2\/users\/1"}],"replies":[{"embeddable":true,"href":"https:\/\/aronpoehlmann.com\/de\/wp-json\/wp\/v2\/comments?post=1825"}],"version-history":[{"count":217,"href":"https:\/\/aronpoehlmann.com\/de\/wp-json\/wp\/v2\/pages\/1825\/revisions"}],"predecessor-version":[{"id":4224,"href":"https:\/\/aronpoehlmann.com\/de\/wp-json\/wp\/v2\/pages\/1825\/revisions\/4224"}],"wp:attachment":[{"href":"https:\/\/aronpoehlmann.com\/de\/wp-json\/wp\/v2\/media?parent=1825"}],"curies":[{"name":"wp","href":"https:\/\/api.w.org\/{rel}","templated":true}]}}